{"id":2131,"date":"2023-12-22T11:02:54","date_gmt":"2023-12-22T09:02:54","guid":{"rendered":"https:\/\/goldenclub.ee\/toode\/kampaania-kuukaart\/"},"modified":"2025-12-01T16:46:35","modified_gmt":"2025-12-01T14:46:35","slug":"kampaania-kuukaart","status":"publish","type":"product","link":"https:\/\/goldenclub.ee\/en\/toode\/kampaania-kuukaart\/","title":{"rendered":"Talvine kuukaart"},"content":{"rendered":"<ul>\n<li>Talvist kuukaarti on v\u00f5imalik osta perioodil 01.12-31.12.2025.<\/li>\n<li><strong>Viimane talvise kuukaardi aktiveerimise kuup\u00e4ev on 18.01.2026.<\/strong><\/li>\n<li>Kuukaart on personaalne ning neid v\u00f5ib osta kampaaniaperioodil mitu.<\/li>\n<li>Talvine kuukaart kehtib fitness-teenuse kasutamiseks klubi lahtiolekuaegadel <strong>\u00fches valitud<\/strong> Golden Club klubidest.<\/li>\n<\/ul>\n<p>&nbsp;<\/p>\n<p><strong>P\u00e4rast ostu sooritamist saadetakse meiliga kuukaardi aktiveerimiseks vajalik voucher ja arve.<\/strong><\/p>\n","protected":false},"excerpt":{"rendered":"<p>Talvist kuukaarti on v\u00f5imalik osta perioodil 01.12-31.12.2025. Viimane talvise kuukaardi aktiveerimise kuup\u00e4ev on 18.01.2026. Kuukaart on personaalne ning neid v\u00f5ib osta kampaaniaperioodil mitu. Talvine kuukaart kehtib fitness-teenuse kasutamiseks klubi lahtiolekuaegadel \u00fches valitud Golden Club klubidest. &nbsp; P\u00e4rast ostu sooritamist saadetakse meiliga kuukaardi aktiveerimiseks vajalik voucher ja arve.<\/p>\n","protected":false},"featured_media":10825,"template":"","meta":{"_acf_changed":false},"product_brand":[],"product_cat":[42,149],"product_tag":[],"class_list":{"0":"post-2131","1":"product","2":"type-product","3":"status-publish","4":"has-post-thumbnail","6":"product_cat-maaramata","7":"product_cat-fitness","9":"first","10":"instock","11":"virtual","12":"purchasable","13":"product-type-simple"},"acf":[],"yoast_head":"<!-- This site is optimized with the Yoast SEO plugin v26.9 - https:\/\/yoast.com\/product\/yoast-seo-wordpress\/ -->\n<title>Talvine kuukaart - Golden Club<\/title>\n<meta name=\"robots\" content=\"index, follow, max-snippet:-1, max-image-preview:large, max-video-preview:-1\" \/>\n<link rel=\"canonical\" href=\"https:\/\/goldenclub.ee\/en\/toode\/kampaania-kuukaart\/\" \/>\n<meta property=\"og:locale\" content=\"en_US\" \/>\n<meta property=\"og:type\" content=\"article\" \/>\n<meta property=\"og:title\" content=\"Talvine kuukaart - Golden Club\" \/>\n<meta property=\"og:description\" content=\"Talvist kuukaarti on v\u00f5imalik osta perioodil 01.12-31.12.2025. Viimane talvise kuukaardi aktiveerimise kuup\u00e4ev on 18.01.2026. Kuukaart on personaalne ning neid v\u00f5ib osta kampaaniaperioodil mitu. Talvine kuukaart kehtib fitness-teenuse kasutamiseks klubi lahtiolekuaegadel \u00fches valitud Golden Club klubidest. &nbsp; P\u00e4rast ostu sooritamist saadetakse meiliga kuukaardi aktiveerimiseks vajalik voucher ja arve.\" \/>\n<meta property=\"og:url\" content=\"https:\/\/goldenclub.ee\/en\/toode\/kampaania-kuukaart\/\" \/>\n<meta property=\"og:site_name\" content=\"Golden Club\" \/>\n<meta property=\"article:publisher\" content=\"https:\/\/www.facebook.com\/fitnessklubigoldenclub\" \/>\n<meta property=\"article:modified_time\" content=\"2025-12-01T14:46:35+00:00\" \/>\n<meta property=\"og:image\" content=\"https:\/\/goldenclub.ee\/wp-content\/uploads\/2024\/12\/DSC08161-Edit-small-1024x683.jpg\" \/>\n\t<meta property=\"og:image:width\" content=\"1024\" \/>\n\t<meta property=\"og:image:height\" content=\"683\" \/>\n\t<meta property=\"og:image:type\" content=\"image\/jpeg\" \/>\n<meta name=\"twitter:card\" content=\"summary_large_image\" \/>\n<meta name=\"twitter:label1\" content=\"Est. reading time\" \/>\n\t<meta name=\"twitter:data1\" content=\"1 minute\" \/>\n<script type=\"application\/ld+json\" class=\"yoast-schema-graph\">{\"@context\":\"https:\/\/schema.org\",\"@graph\":[{\"@type\":\"WebPage\",\"@id\":\"https:\/\/goldenclub.ee\/en\/toode\/kampaania-kuukaart\/\",\"url\":\"https:\/\/goldenclub.ee\/en\/toode\/kampaania-kuukaart\/\",\"name\":\"Talvine kuukaart - Golden Club\",\"isPartOf\":{\"@id\":\"https:\/\/goldenclub.ee\/en\/#website\"},\"primaryImageOfPage\":{\"@id\":\"https:\/\/goldenclub.ee\/en\/toode\/kampaania-kuukaart\/#primaryimage\"},\"image\":{\"@id\":\"https:\/\/goldenclub.ee\/en\/toode\/kampaania-kuukaart\/#primaryimage\"},\"thumbnailUrl\":\"https:\/\/goldenclub.ee\/wp-content\/uploads\/2024\/12\/DSC08161-Edit-small.jpg\",\"datePublished\":\"2023-12-22T09:02:54+00:00\",\"dateModified\":\"2025-12-01T14:46:35+00:00\",\"breadcrumb\":{\"@id\":\"https:\/\/goldenclub.ee\/en\/toode\/kampaania-kuukaart\/#breadcrumb\"},\"inLanguage\":\"en-US\",\"potentialAction\":[{\"@type\":\"ReadAction\",\"target\":[\"https:\/\/goldenclub.ee\/en\/toode\/kampaania-kuukaart\/\"]}]},{\"@type\":\"ImageObject\",\"inLanguage\":\"en-US\",\"@id\":\"https:\/\/goldenclub.ee\/en\/toode\/kampaania-kuukaart\/#primaryimage\",\"url\":\"https:\/\/goldenclub.ee\/wp-content\/uploads\/2024\/12\/DSC08161-Edit-small.jpg\",\"contentUrl\":\"https:\/\/goldenclub.ee\/wp-content\/uploads\/2024\/12\/DSC08161-Edit-small.jpg\",\"width\":2000,\"height\":1334},{\"@type\":\"BreadcrumbList\",\"@id\":\"https:\/\/goldenclub.ee\/en\/toode\/kampaania-kuukaart\/#breadcrumb\",\"itemListElement\":[{\"@type\":\"ListItem\",\"position\":1,\"name\":\"Home\",\"item\":\"https:\/\/goldenclub.ee\/en\/\"},{\"@type\":\"ListItem\",\"position\":2,\"name\":\"Talvine kuukaart\"}]},{\"@type\":\"WebSite\",\"@id\":\"https:\/\/goldenclub.ee\/en\/#website\",\"url\":\"https:\/\/goldenclub.ee\/en\/\",\"name\":\"Golden Club\",\"description\":\"\",\"publisher\":{\"@id\":\"https:\/\/goldenclub.ee\/en\/#organization\"},\"potentialAction\":[{\"@type\":\"SearchAction\",\"target\":{\"@type\":\"EntryPoint\",\"urlTemplate\":\"https:\/\/goldenclub.ee\/en\/?s={search_term_string}\"},\"query-input\":{\"@type\":\"PropertyValueSpecification\",\"valueRequired\":true,\"valueName\":\"search_term_string\"}}],\"inLanguage\":\"en-US\"},{\"@type\":\"Organization\",\"@id\":\"https:\/\/goldenclub.ee\/en\/#organization\",\"name\":\"Golden Club\",\"url\":\"https:\/\/goldenclub.ee\/en\/\",\"logo\":{\"@type\":\"ImageObject\",\"inLanguage\":\"en-US\",\"@id\":\"https:\/\/goldenclub.ee\/en\/#\/schema\/logo\/image\/\",\"url\":\"https:\/\/goldenclub.ee\/wp-content\/uploads\/2023\/08\/golden-club-logo-2.svg\",\"contentUrl\":\"https:\/\/goldenclub.ee\/wp-content\/uploads\/2023\/08\/golden-club-logo-2.svg\",\"width\":205,\"height\":44,\"caption\":\"Golden Club\"},\"image\":{\"@id\":\"https:\/\/goldenclub.ee\/en\/#\/schema\/logo\/image\/\"},\"sameAs\":[\"https:\/\/www.facebook.com\/fitnessklubigoldenclub\",\"https:\/\/www.instagram.com\/goldenclubfitness\/\"]}]}<\/script>\n<!-- \/ Yoast SEO plugin. -->","yoast_head_json":{"title":"Talvine kuukaart - Golden Club","robots":{"index":"index","follow":"follow","max-snippet":"max-snippet:-1","max-image-preview":"max-image-preview:large","max-video-preview":"max-video-preview:-1"},"canonical":"https:\/\/goldenclub.ee\/en\/toode\/kampaania-kuukaart\/","og_locale":"en_US","og_type":"article","og_title":"Talvine kuukaart - Golden Club","og_description":"Talvist kuukaarti on v\u00f5imalik osta perioodil 01.12-31.12.2025. Viimane talvise kuukaardi aktiveerimise kuup\u00e4ev on 18.01.2026. Kuukaart on personaalne ning neid v\u00f5ib osta kampaaniaperioodil mitu. Talvine kuukaart kehtib fitness-teenuse kasutamiseks klubi lahtiolekuaegadel \u00fches valitud Golden Club klubidest. &nbsp; P\u00e4rast ostu sooritamist saadetakse meiliga kuukaardi aktiveerimiseks vajalik voucher ja arve.","og_url":"https:\/\/goldenclub.ee\/en\/toode\/kampaania-kuukaart\/","og_site_name":"Golden Club","article_publisher":"https:\/\/www.facebook.com\/fitnessklubigoldenclub","article_modified_time":"2025-12-01T14:46:35+00:00","og_image":[{"width":1024,"height":683,"url":"https:\/\/goldenclub.ee\/wp-content\/uploads\/2024\/12\/DSC08161-Edit-small-1024x683.jpg","type":"image\/jpeg"}],"twitter_card":"summary_large_image","twitter_misc":{"Est. reading time":"1 minute"},"schema":{"@context":"https:\/\/schema.org","@graph":[{"@type":"WebPage","@id":"https:\/\/goldenclub.ee\/en\/toode\/kampaania-kuukaart\/","url":"https:\/\/goldenclub.ee\/en\/toode\/kampaania-kuukaart\/","name":"Talvine kuukaart - Golden Club","isPartOf":{"@id":"https:\/\/goldenclub.ee\/en\/#website"},"primaryImageOfPage":{"@id":"https:\/\/goldenclub.ee\/en\/toode\/kampaania-kuukaart\/#primaryimage"},"image":{"@id":"https:\/\/goldenclub.ee\/en\/toode\/kampaania-kuukaart\/#primaryimage"},"thumbnailUrl":"https:\/\/goldenclub.ee\/wp-content\/uploads\/2024\/12\/DSC08161-Edit-small.jpg","datePublished":"2023-12-22T09:02:54+00:00","dateModified":"2025-12-01T14:46:35+00:00","breadcrumb":{"@id":"https:\/\/goldenclub.ee\/en\/toode\/kampaania-kuukaart\/#breadcrumb"},"inLanguage":"en-US","potentialAction":[{"@type":"ReadAction","target":["https:\/\/goldenclub.ee\/en\/toode\/kampaania-kuukaart\/"]}]},{"@type":"ImageObject","inLanguage":"en-US","@id":"https:\/\/goldenclub.ee\/en\/toode\/kampaania-kuukaart\/#primaryimage","url":"https:\/\/goldenclub.ee\/wp-content\/uploads\/2024\/12\/DSC08161-Edit-small.jpg","contentUrl":"https:\/\/goldenclub.ee\/wp-content\/uploads\/2024\/12\/DSC08161-Edit-small.jpg","width":2000,"height":1334},{"@type":"BreadcrumbList","@id":"https:\/\/goldenclub.ee\/en\/toode\/kampaania-kuukaart\/#breadcrumb","itemListElement":[{"@type":"ListItem","position":1,"name":"Home","item":"https:\/\/goldenclub.ee\/en\/"},{"@type":"ListItem","position":2,"name":"Talvine kuukaart"}]},{"@type":"WebSite","@id":"https:\/\/goldenclub.ee\/en\/#website","url":"https:\/\/goldenclub.ee\/en\/","name":"Golden Club","description":"","publisher":{"@id":"https:\/\/goldenclub.ee\/en\/#organization"},"potentialAction":[{"@type":"SearchAction","target":{"@type":"EntryPoint","urlTemplate":"https:\/\/goldenclub.ee\/en\/?s={search_term_string}"},"query-input":{"@type":"PropertyValueSpecification","valueRequired":true,"valueName":"search_term_string"}}],"inLanguage":"en-US"},{"@type":"Organization","@id":"https:\/\/goldenclub.ee\/en\/#organization","name":"Golden Club","url":"https:\/\/goldenclub.ee\/en\/","logo":{"@type":"ImageObject","inLanguage":"en-US","@id":"https:\/\/goldenclub.ee\/en\/#\/schema\/logo\/image\/","url":"https:\/\/goldenclub.ee\/wp-content\/uploads\/2023\/08\/golden-club-logo-2.svg","contentUrl":"https:\/\/goldenclub.ee\/wp-content\/uploads\/2023\/08\/golden-club-logo-2.svg","width":205,"height":44,"caption":"Golden Club"},"image":{"@id":"https:\/\/goldenclub.ee\/en\/#\/schema\/logo\/image\/"},"sameAs":["https:\/\/www.facebook.com\/fitnessklubigoldenclub","https:\/\/www.instagram.com\/goldenclubfitness\/"]}]}},"_links":{"self":[{"href":"https:\/\/goldenclub.ee\/en\/wp-json\/wp\/v2\/product\/2131","targetHints":{"allow":["GET"]}}],"collection":[{"href":"https:\/\/goldenclub.ee\/en\/wp-json\/wp\/v2\/product"}],"about":[{"href":"https:\/\/goldenclub.ee\/en\/wp-json\/wp\/v2\/types\/product"}],"wp:featuredmedia":[{"embeddable":true,"href":"https:\/\/goldenclub.ee\/en\/wp-json\/wp\/v2\/media\/10825"}],"wp:attachment":[{"href":"https:\/\/goldenclub.ee\/en\/wp-json\/wp\/v2\/media?parent=2131"}],"wp:term":[{"taxonomy":"product_brand","embeddable":true,"href":"https:\/\/goldenclub.ee\/en\/wp-json\/wp\/v2\/product_brand?post=2131"},{"taxonomy":"product_cat","embeddable":true,"href":"https:\/\/goldenclub.ee\/en\/wp-json\/wp\/v2\/product_cat?post=2131"},{"taxonomy":"product_tag","embeddable":true,"href":"https:\/\/goldenclub.ee\/en\/wp-json\/wp\/v2\/product_tag?post=2131"}],"curies":[{"name":"wp","href":"https:\/\/api.w.org\/{rel}","templated":true}]}}